{"id":7,"date":"2016-02-18T13:46:04","date_gmt":"2016-02-18T13:46:04","guid":{"rendered":"http:\/\/afminguela.wordpress.com\/?page_id=1"},"modified":"2016-02-18T13:46:04","modified_gmt":"2016-02-18T13:46:04","slug":"acerca-de","status":"publish","type":"page","link":"https:\/\/afminguela.com\/index.php\/acerca-de\/","title":{"rendered":"Sobre Mi"},"content":{"rendered":"\n<div class=\"wp-block-columns is-layout-flex wp-container-core-columns-is-layout-9d6595d7 wp-block-columns-is-layout-flex\">\n<div class=\"wp-block-column is-layout-flow wp-block-column-is-layout-flow\" style=\"flex-basis:100%\">\n<h2 class=\"wp-block-heading has-text-align-center\">MEJORANDO LO PRESENTE.<\/h2>\n\n\n\n<h4 class=\"wp-block-heading has-text-align-center\">El Dise\u00f1o UX\/UI es justo lo que convierte algo bueno en EXCEPCIONAL.<\/h4>\n<\/div>\n<\/div>\n\n\n\n<div class=\"wp-block-columns is-layout-flex wp-container-core-columns-is-layout-9d6595d7 wp-block-columns-is-layout-flex\">\n<div class=\"wp-block-column is-layout-flow wp-block-column-is-layout-flow\" style=\"flex-basis:100%\">\n<div class=\"wp-block-group is-layout-constrained wp-container-core-group-is-layout-d1850f9f wp-block-group-is-layout-constrained\">\n<div class=\"wp-block-columns is-layout-flex wp-container-core-columns-is-layout-9d6595d7 wp-block-columns-is-layout-flex\">\n<div class=\"wp-block-column is-layout-flow wp-block-column-is-layout-flow\">\n<p style=\"margin-right:0;margin-left:0;padding-right:0;padding-left:0\">Me gusta ayudar. Siempre estoy pensando en c\u00f3mo mejorar el proceso para hacerlo m\u00e1s eficiente y eficaz. me gustan las cosas bien hechas y agradables.&nbsp; Me gusta que el bot\u00f3n est\u00e9 donde espero y que haga lo que necesito, odio perder mi tiempo y, como todo el mundo aunque lo niegue, a\u00fan m\u00e1s trabajar.&nbsp; Si la paciencia es la madre de la ciencia, la vaguer\u00eda lo es de la tecnolog\u00eda y de este burro no me bajo. Las m\u00e1quinas est\u00e1n para ayudar a que tengamos m\u00e1s tiempo con nuestras familias.&nbsp;<\/p>\n\n\n\n<p>Durante muchos a\u00f1os me he dedicado a la TV a nivel Broadcast, porque primero me entusiasman las historias y dar voz a los que no pueden, pero luego mi parte ingeniera quiere saber c\u00f3mo se hace y si se podr\u00eda mejorar Cuanto m\u00e1s grande el evento, mayor el desaf\u00edo y mayor el orgullo y las ganas..&nbsp;<\/p>\n\n\n\n<p>Nunca pude ser un simple Operador, puesto que trabajaba con los mejores en espa\u00f1a y yo no les llegaba a la suela del zapato y encima me tiraba much\u00edsimo el \u201cc\u00f3mo\u201d y, desde la humildad que te da el s\u00edndrome del impostor, aprend\u00ed a hacer que su trabajo fuera mejor. As\u00ed que cuanto m\u00e1s mejoraba los procesos t\u00e9cnicos, m\u00e1s me alejaba de mi objetivo de operar.&nbsp;<\/p>\n\n\n\n<p>Gracias a ello, di el paso a preproducci\u00f3n y desarrollo, donde todo este saber hacer y querer que salga mejor me descubrieron un mundo que nunca pens\u00e9 que se podr\u00eda aplicar a las retransmisiones.&nbsp;<\/p>\n\n\n\n<p>Kaizen, Lean Management, Scrum, Design Thinking, Sprint, Agile\u2026 surgieron ante m\u00ed como pilieres en una melee para ayudarme a empujar en la direcci\u00f3n correcta.&nbsp; Por desgracia, acab\u00e9 haciendo equipo conmigo misma, porque de regalo aprend\u00ed que, para cambiar el c\u00f3mo, hay que querer cambiar y las din\u00e1micas de \u201csiempre se\u201d y \u201cnosotros nunca\u201d son muy dif\u00edciles de romper.&nbsp;<\/p>\n\n\n\n<p>As\u00ed que volv\u00ed a tirar de resiliencia y empec\u00e9 a buscar colaboraciones con otros departamentos d\u00f3nde todo esto ayudara. Tuve la suerte de conocer y crear sinergias con los departamentos de I+D+I y sostenibilidad, donde particip\u00e9 en la creaci\u00f3n y dise\u00f1o de varios elementos que mejoraban la vida de los compa\u00f1eros de retransmisiones y colaborar como Betatester y UXdesigner en un proyecto donde mis a\u00f1os de operador fueron cruciales, pues era el usuario \u00faltimo que se iba a encontrar la plataforma.&nbsp;<\/p>\n\n\n\n<p>Aprend\u00ed la importancia de UX\/UI, porque no s\u00f3lo tiene que ser competente, eficaz y eficiente, tambi\u00e9n tiene que entrar por los ojos, ser acogedor, y que sea tan intuitivo que puedas rascar los segundos que valen oro en TV.&nbsp;<\/p>\n\n\n\n<p>La pandemia nos puso a todos en nuestro sitio. Al tener a mi tercera hija, y ser m\u00e1s consciente de la discapacidad del mediano, cay\u00f3 la venda y lo que parec\u00eda condescendencia y ayuda se revel\u00f3 como&nbsp; un caso de Mobbing de libro. La \u00fanica ventaja de que te aparten de tus funciones es que te deja tiempo para formarte y empec\u00e9 a sacar todos los cursos que pude que me dirigieran hacia donde estoy.<\/p>\n\n\n\n<p>Todo ello me ha llevado a ver que lo aplico en casa cada vez que quiero jugar con todos mis hijos a la vez y que es algo que s\u00f3lo se nota si no est\u00e1, es el hecho diferenciador.<\/p>\n\n\n\n<p><\/p>\n\n\n\n<p><\/p>\n\n\n\n<p><\/p>\n<\/div>\n<\/div>\n<\/div>\n<\/div>\n<\/div>\n","protected":false},"excerpt":{"rendered":"<p>MEJORANDO LO PRESENTE. El Dise\u00f1o UX\/UI es justo lo que convierte algo bueno en EXCEPCIONAL. Me gusta ayudar. Siempre estoy pensando en c\u00f3mo mejorar el proceso para hacerlo m\u00e1s eficiente y eficaz. me gustan las cosas bien hechas y agradables.&nbsp; &hellip;<\/p>\n<p class=\"read-more\"> <a class=\"more-link\" href=\"https:\/\/afminguela.com\/index.php\/acerca-de\/\"> <span class=\"screen-reader-text\">Sobre Mi<\/span> Leer m\u00e1s \u00bb<\/a><\/p>\n","protected":false},"author":2,"featured_media":125,"parent":0,"menu_order":0,"comment_status":"open","ping_status":"open","template":"","meta":{"footnotes":""},"class_list":["post-7","page","type-page","status-publish","has-post-thumbnail","hentry"],"featured_media_urls":{"thumbnail":["https:\/\/afminguela.com\/wp-content\/uploads\/2023\/09\/ana-profile-1-150x150.jpg",150,150,true],"medium":["https:\/\/afminguela.com\/wp-content\/uploads\/2023\/09\/ana-profile-1-216x300.jpg",216,300,true],"medium_large":["https:\/\/afminguela.com\/wp-content\/uploads\/2023\/09\/ana-profile-1-768x1067.jpg",605,841,true],"large":["https:\/\/afminguela.com\/wp-content\/uploads\/2023\/09\/ana-profile-1-737x1024.jpg",605,841,true],"1536x1536":["https:\/\/afminguela.com\/wp-content\/uploads\/2023\/09\/ana-profile-1-1105x1536.jpg",1105,1536,true],"2048x2048":["https:\/\/afminguela.com\/wp-content\/uploads\/2023\/09\/ana-profile-1.jpg",1316,1829,false],"responsive-100":["https:\/\/afminguela.com\/wp-content\/uploads\/2023\/09\/ana-profile-1.jpg",100,139,false],"responsive-150":["https:\/\/afminguela.com\/wp-content\/uploads\/2023\/09\/ana-profile-1.jpg",150,208,false],"responsive-200":["https:\/\/afminguela.com\/wp-content\/uploads\/2023\/09\/ana-profile-1.jpg",200,278,false],"responsive-300":["https:\/\/afminguela.com\/wp-content\/uploads\/2023\/09\/ana-profile-1.jpg",300,417,false],"responsive-450":["https:\/\/afminguela.com\/wp-content\/uploads\/2023\/09\/ana-profile-1.jpg",450,625,false],"responsive-600":["https:\/\/afminguela.com\/wp-content\/uploads\/2023\/09\/ana-profile-1.jpg",600,834,false],"responsive-900":["https:\/\/afminguela.com\/wp-content\/uploads\/2023\/09\/ana-profile-1.jpg",900,1251,false],"portfolio_item-thumbnail":["https:\/\/afminguela.com\/wp-content\/uploads\/2023\/09\/ana-profile-1-600x400.jpg",600,400,true],"portfolio_item-thumbnail@2x":["https:\/\/afminguela.com\/wp-content\/uploads\/2023\/09\/ana-profile-1-1200x800.jpg",1200,800,true],"portfolio_item-masonry":["https:\/\/afminguela.com\/wp-content\/uploads\/2023\/09\/ana-profile-1-600x834.jpg",600,834,true],"portfolio_item-masonry@2x":["https:\/\/afminguela.com\/wp-content\/uploads\/2023\/09\/ana-profile-1-1200x1668.jpg",1200,1668,true],"portfolio_item-thumbnail_cinema":["https:\/\/afminguela.com\/wp-content\/uploads\/2023\/09\/ana-profile-1-800x335.jpg",800,335,true],"portfolio_item-thumbnail_portrait":["https:\/\/afminguela.com\/wp-content\/uploads\/2023\/09\/ana-profile-1-600x900.jpg",600,900,true],"portfolio_item-thumbnail_portrait@2x":["https:\/\/afminguela.com\/wp-content\/uploads\/2023\/09\/ana-profile-1-1200x1800.jpg",1200,1800,true],"portfolio_item-thumbnail_square":["https:\/\/afminguela.com\/wp-content\/uploads\/2023\/09\/ana-profile-1-800x800.jpg",800,800,true]},"_links":{"self":[{"href":"https:\/\/afminguela.com\/index.php\/wp-json\/wp\/v2\/pages\/7","targetHints":{"allow":["GET"]}}],"collection":[{"href":"https:\/\/afminguela.com\/index.php\/wp-json\/wp\/v2\/pages"}],"about":[{"href":"https:\/\/afminguela.com\/index.php\/wp-json\/wp\/v2\/types\/page"}],"author":[{"embeddable":true,"href":"https:\/\/afminguela.com\/index.php\/wp-json\/wp\/v2\/users\/2"}],"replies":[{"embeddable":true,"href":"https:\/\/afminguela.com\/index.php\/wp-json\/wp\/v2\/comments?post=7"}],"version-history":[{"count":0,"href":"https:\/\/afminguela.com\/index.php\/wp-json\/wp\/v2\/pages\/7\/revisions"}],"wp:featuredmedia":[{"embeddable":true,"href":"https:\/\/afminguela.com\/index.php\/wp-json\/wp\/v2\/media\/125"}],"wp:attachment":[{"href":"https:\/\/afminguela.com\/index.php\/wp-json\/wp\/v2\/media?parent=7"}],"curies":[{"name":"wp","href":"https:\/\/api.w.org\/{rel}","templated":true}]}}